{"id":5378,"date":"2025-02-24T12:08:46","date_gmt":"2025-02-24T11:08:46","guid":{"rendered":"https:\/\/nutzfahrzeugtechnik.org\/informations-sur-le-produit-2\/"},"modified":"2025-04-14T17:30:54","modified_gmt":"2025-04-14T15:30:54","slug":"informations-sur-le-produit","status":"publish","type":"page","link":"https:\/\/www.anfahrhilfen.com\/fr\/informations-sur-le-produit\/","title":{"rendered":"Informations sur le produit"},"content":{"rendered":"\t\t<div data-elementor-type=\"wp-page\" data-elementor-id=\"5378\" class=\"elementor elementor-5378 elementor-5359\" data-elementor-post-type=\"page\">\n\t\t\t\t<div class=\"elementor-element elementor-element-e90f426 e-flex e-con-boxed e-con e-parent\" data-id=\"e90f426\" data-element_type=\"container\">\n\t\t\t\t\t<div class=\"e-con-inner\">\n\t\t<div class=\"elementor-element elementor-element-24ba91d e-con-full ipx-border-box e-flex e-con e-child\" data-id=\"24ba91d\" data-element_type=\"container\">\n\t\t<div class=\"elementor-element elementor-element-cd60bdd e-con-full e-flex e-con e-child\" data-id=\"cd60bdd\" data-element_type=\"container\" data-settings=\"{&quot;background_background&quot;:&quot;classic&quot;}\">\n\t\t\t\t<\/div>\n\t\t<div class=\"elementor-element elementor-element-b27e134 e-con-full e-flex e-con e-child\" data-id=\"b27e134\" data-element_type=\"container\">\n\t\t\t\t<div class=\"elementor-element elementor-element-8df4a3c elementor-widget elementor-widget-heading\" data-id=\"8df4a3c\" data-element_type=\"widget\" data-widget_type=\"heading.default\">\n\t\t\t\t<div class=\"elementor-widget-container\">\n\t\t\t\t\t<h2 class=\"elementor-heading-title elementor-size-default\">Kit d'installation<\/h2>\t\t\t\t<\/div>\n\t\t\t\t<\/div>\n\t\t\t\t<div class=\"elementor-element elementor-element-6335fe6 elementor-widget elementor-widget-text-editor\" data-id=\"6335fe6\" data-element_type=\"widget\" data-widget_type=\"text-editor.default\">\n\t\t\t\t<div class=\"elementor-widget-container\">\n\t\t\t\t\t\t\t\t\t<p>Le kit vous offre toutes les pi\u00e8ces et instructions n\u00e9cessaires pour une installation fluide, vous permettant de travailler rapidement et efficacement sans achats ou pr\u00e9parations suppl\u00e9mentaires.<\/p>\t\t\t\t\t\t\t\t<\/div>\n\t\t\t\t<\/div>\n\t\t\t\t<div class=\"elementor-element elementor-element-3bdd9f6 elementor-widget elementor-widget-button\" data-id=\"3bdd9f6\" data-element_type=\"widget\" data-widget_type=\"button.default\">\n\t\t\t\t<div class=\"elementor-widget-container\">\n\t\t\t\t\t\t\t\t\t<div class=\"elementor-button-wrapper\">\n\t\t\t\t\t<a class=\"elementor-button elementor-button-link elementor-size-sm\" href=\"https:\/\/nutzfahrzeugtechnik.org\/fr\/rotachain-kit-d-installation\/\">\n\t\t\t\t\t\t<span class=\"elementor-button-content-wrapper\">\n\t\t\t\t\t\t\t\t\t<span class=\"elementor-button-text\">Apprendre encore plus<\/span>\n\t\t\t\t\t<\/span>\n\t\t\t\t\t<\/a>\n\t\t\t\t<\/div>\n\t\t\t\t\t\t\t\t<\/div>\n\t\t\t\t<\/div>\n\t\t\t\t<\/div>\n\t\t\t\t<\/div>\n\t\t<div class=\"elementor-element elementor-element-a7debc8 e-con-full ipx-border-box e-flex e-con e-child\" data-id=\"a7debc8\" data-element_type=\"container\">\n\t\t<div class=\"elementor-element elementor-element-d2a2dcb e-con-full e-flex e-con e-child\" data-id=\"d2a2dcb\" data-element_type=\"container\" data-settings=\"{&quot;background_background&quot;:&quot;classic&quot;}\">\n\t\t\t\t<\/div>\n\t\t<div class=\"elementor-element elementor-element-fdf9bd1 e-con-full e-flex e-con e-child\" data-id=\"fdf9bd1\" data-element_type=\"container\">\n\t\t\t\t<div class=\"elementor-element elementor-element-cb23a9c elementor-widget elementor-widget-heading\" data-id=\"cb23a9c\" data-element_type=\"widget\" data-widget_type=\"heading.default\">\n\t\t\t\t<div class=\"elementor-widget-container\">\n\t\t\t\t\t<h2 class=\"elementor-heading-title elementor-size-default\">Rotachain Airbox<\/h2>\t\t\t\t<\/div>\n\t\t\t\t<\/div>\n\t\t\t\t<div class=\"elementor-element elementor-element-8672636 elementor-widget elementor-widget-text-editor\" data-id=\"8672636\" data-element_type=\"widget\" data-widget_type=\"text-editor.default\">\n\t\t\t\t<div class=\"elementor-widget-container\">\n\t\t\t\t\t\t\t\t\t<p>Le Rotachain \u00e9tant un syst\u00e8me \u00e0 commande pneumatique, le Rotachain AIRBOX a \u00e9t\u00e9 sp\u00e9cialement d\u00e9velopp\u00e9 &#8211; un groupe compresseur pour les v\u00e9hicules utilitaires l\u00e9gers (jusqu&rsquo;\u00e0 7,49 tonnes) sans propre alimentation en air comprim\u00e9.<\/p>\t\t\t\t\t\t\t\t<\/div>\n\t\t\t\t<\/div>\n\t\t\t\t<div class=\"elementor-element elementor-element-f69e7b8 elementor-widget elementor-widget-button\" data-id=\"f69e7b8\" data-element_type=\"widget\" data-widget_type=\"button.default\">\n\t\t\t\t<div class=\"elementor-widget-container\">\n\t\t\t\t\t\t\t\t\t<div class=\"elementor-button-wrapper\">\n\t\t\t\t\t<a class=\"elementor-button elementor-button-link elementor-size-sm\" href=\"https:\/\/nutzfahrzeugtechnik.org\/fr\/rotachain-airbox\/\">\n\t\t\t\t\t\t<span class=\"elementor-button-content-wrapper\">\n\t\t\t\t\t\t\t\t\t<span class=\"elementor-button-text\">Apprendre encore plus<\/span>\n\t\t\t\t\t<\/span>\n\t\t\t\t\t<\/a>\n\t\t\t\t<\/div>\n\t\t\t\t\t\t\t\t<\/div>\n\t\t\t\t<\/div>\n\t\t\t\t<\/div>\n\t\t\t\t<\/div>\n\t\t<div class=\"elementor-element elementor-element-3e6b806 e-con-full ipx-border-box e-flex e-con e-child\" data-id=\"3e6b806\" data-element_type=\"container\">\n\t\t<div class=\"elementor-element elementor-element-f66b7e6 e-con-full e-flex e-con e-child\" data-id=\"f66b7e6\" data-element_type=\"container\" data-settings=\"{&quot;background_background&quot;:&quot;classic&quot;}\">\n\t\t\t\t<\/div>\n\t\t<div class=\"elementor-element elementor-element-64e59b5 e-con-full e-flex e-con e-child\" data-id=\"64e59b5\" data-element_type=\"container\">\n\t\t\t\t<div class=\"elementor-element elementor-element-0d4b5f3 elementor-widget elementor-widget-heading\" data-id=\"0d4b5f3\" data-element_type=\"widget\" data-widget_type=\"heading.default\">\n\t\t\t\t<div class=\"elementor-widget-container\">\n\t\t\t\t\t<h2 class=\"elementor-heading-title elementor-size-default\">Rotachain Assist<\/h2>\t\t\t\t<\/div>\n\t\t\t\t<\/div>\n\t\t\t\t<div class=\"elementor-element elementor-element-95c205f elementor-widget elementor-widget-text-editor\" data-id=\"95c205f\" data-element_type=\"widget\" data-widget_type=\"text-editor.default\">\n\t\t\t\t<div class=\"elementor-widget-container\">\n\t\t\t\t\t\t\t\t\t<p>Rotachain Assist est disponible en tant que module suppl\u00e9mentaire en option et compl\u00e8te votre v\u00e9hicule avec une unit\u00e9 de commande innovante qui assiste le conducteur.<\/p><div><br><\/div>\t\t\t\t\t\t\t\t<\/div>\n\t\t\t\t<\/div>\n\t\t\t\t<div class=\"elementor-element elementor-element-c31a3f2 elementor-widget elementor-widget-button\" data-id=\"c31a3f2\" data-element_type=\"widget\" data-widget_type=\"button.default\">\n\t\t\t\t<div class=\"elementor-widget-container\">\n\t\t\t\t\t\t\t\t\t<div class=\"elementor-button-wrapper\">\n\t\t\t\t\t<a class=\"elementor-button elementor-button-link elementor-size-sm\" href=\"https:\/\/nutzfahrzeugtechnik.org\/fr\/rotachain-assist\/\">\n\t\t\t\t\t\t<span class=\"elementor-button-content-wrapper\">\n\t\t\t\t\t\t\t\t\t<span class=\"elementor-button-text\">Apprendre encore plus<\/span>\n\t\t\t\t\t<\/span>\n\t\t\t\t\t<\/a>\n\t\t\t\t<\/div>\n\t\t\t\t\t\t\t\t<\/div>\n\t\t\t\t<\/div>\n\t\t\t\t<\/div>\n\t\t\t\t<\/div>\n\t\t\t\t\t<\/div>\n\t\t\t\t<\/div>\n\t\t\t\t<\/div>\n\t\t","protected":false},"excerpt":{"rendered":"<p>Kit d&rsquo;installation Le kit vous offre toutes les pi\u00e8ces et instructions n\u00e9cessaires pour une installation fluide, vous permettant de travailler rapidement et efficacement sans achats ou pr\u00e9parations suppl\u00e9mentaires. Apprendre encore plus Rotachain Airbox Le Rotachain \u00e9tant un syst\u00e8me \u00e0 commande pneumatique, le Rotachain AIRBOX a \u00e9t\u00e9 sp\u00e9cialement d\u00e9velopp\u00e9 &#8211; un groupe compresseur pour les v\u00e9hicules [&hellip;]<\/p>\n","protected":false},"author":1,"featured_media":0,"parent":0,"menu_order":0,"comment_status":"closed","ping_status":"closed","template":"","meta":{"footnotes":""},"class_list":["post-5378","page","type-page","status-publish","hentry"],"yoast_head":"<!-- This site is optimized with the Yoast SEO plugin v24.8.1 - https:\/\/yoast.com\/wordpress\/plugins\/seo\/ -->\n<title>Rotachain cha\u00eenages automatique - informations sur le produit<\/title>\n<meta name=\"description\" content=\"Rotachain cha\u00eenages automatiques \u2013 Informations produit : Rotachain Kit d\u2019installation, Rotachain Airbox et Rotachain Assist. D\u00e9tails du produit\" \/>\n<meta name=\"robots\" content=\"index, follow, max-snippet:-1, max-image-preview:large, max-video-preview:-1\" \/>\n<link rel=\"canonical\" href=\"https:\/\/www.anfahrhilfen.com\/fr\/informations-sur-le-produit\/\" \/>\n<meta property=\"og:locale\" content=\"fr_FR\" \/>\n<meta property=\"og:type\" content=\"article\" \/>\n<meta property=\"og:title\" content=\"Rotachain cha\u00eenages automatique - informations sur le produit\" \/>\n<meta property=\"og:description\" content=\"Rotachain cha\u00eenages automatiques \u2013 Informations produit : Rotachain Kit d\u2019installation, Rotachain Airbox et Rotachain Assist. D\u00e9tails du produit\" \/>\n<meta property=\"og:url\" content=\"https:\/\/www.anfahrhilfen.com\/fr\/informations-sur-le-produit\/\" \/>\n<meta property=\"og:site_name\" content=\"Schleuderketten Rotationsketten\" \/>\n<meta property=\"article:modified_time\" content=\"2025-04-14T15:30:54+00:00\" \/>\n<meta name=\"twitter:card\" content=\"summary_large_image\" \/>\n<meta name=\"twitter:label1\" content=\"Dur\u00e9e de lecture estim\u00e9e\" \/>\n\t<meta name=\"twitter:data1\" content=\"1 minute\" \/>\n<script type=\"application\/ld+json\" class=\"yoast-schema-graph\">{\"@context\":\"https:\/\/schema.org\",\"@graph\":[{\"@type\":\"WebPage\",\"@id\":\"https:\/\/www.anfahrhilfen.com\/fr\/informations-sur-le-produit\/\",\"url\":\"https:\/\/www.anfahrhilfen.com\/fr\/informations-sur-le-produit\/\",\"name\":\"Rotachain cha\u00eenages automatique - informations sur le produit\",\"isPartOf\":{\"@id\":\"https:\/\/anfahrhilfe.com\/#website\"},\"datePublished\":\"2025-02-24T11:08:46+00:00\",\"dateModified\":\"2025-04-14T15:30:54+00:00\",\"description\":\"Rotachain cha\u00eenages automatiques \u2013 Informations produit : Rotachain Kit d\u2019installation, Rotachain Airbox et Rotachain Assist. D\u00e9tails du produit\",\"breadcrumb\":{\"@id\":\"https:\/\/www.anfahrhilfen.com\/fr\/informations-sur-le-produit\/#breadcrumb\"},\"inLanguage\":\"fr-FR\",\"potentialAction\":[{\"@type\":\"ReadAction\",\"target\":[\"https:\/\/www.anfahrhilfen.com\/fr\/informations-sur-le-produit\/\"]}]},{\"@type\":\"BreadcrumbList\",\"@id\":\"https:\/\/www.anfahrhilfen.com\/fr\/informations-sur-le-produit\/#breadcrumb\",\"itemListElement\":[{\"@type\":\"ListItem\",\"position\":1,\"name\":\"Startseite\",\"item\":\"https:\/\/www.anfahrhilfen.com\/fr\/\"},{\"@type\":\"ListItem\",\"position\":2,\"name\":\"Informations sur le produit\"}]},{\"@type\":\"WebSite\",\"@id\":\"https:\/\/anfahrhilfe.com\/#website\",\"url\":\"https:\/\/anfahrhilfe.com\/\",\"name\":\"Schleuderketten Rotationsketten\",\"description\":\"Rotachain f\u00fcr Nutzfahrzeuge wie MAN, Mercedes Benz, Iveco, Scania, Renault, DAF\",\"publisher\":{\"@id\":\"https:\/\/anfahrhilfe.com\/#organization\"},\"potentialAction\":[{\"@type\":\"SearchAction\",\"target\":{\"@type\":\"EntryPoint\",\"urlTemplate\":\"https:\/\/anfahrhilfe.com\/?s={search_term_string}\"},\"query-input\":{\"@type\":\"PropertyValueSpecification\",\"valueRequired\":true,\"valueName\":\"search_term_string\"}}],\"inLanguage\":\"fr-FR\"},{\"@type\":\"Organization\",\"@id\":\"https:\/\/anfahrhilfe.com\/#organization\",\"name\":\"Schleuderketten Rotationsketten\",\"url\":\"https:\/\/anfahrhilfe.com\/\",\"logo\":{\"@type\":\"ImageObject\",\"inLanguage\":\"fr-FR\",\"@id\":\"https:\/\/anfahrhilfe.com\/#\/schema\/logo\/image\/\",\"url\":\"https:\/\/www.anfahrhilfen.com\/wp-content\/uploads\/2024\/05\/rota_chain_Logo-2-1.png\",\"contentUrl\":\"https:\/\/www.anfahrhilfen.com\/wp-content\/uploads\/2024\/05\/rota_chain_Logo-2-1.png\",\"width\":423,\"height\":256,\"caption\":\"Schleuderketten Rotationsketten\"},\"image\":{\"@id\":\"https:\/\/anfahrhilfe.com\/#\/schema\/logo\/image\/\"}}]}<\/script>\n<!-- \/ Yoast SEO plugin. -->","yoast_head_json":{"title":"Rotachain cha\u00eenages automatique - informations sur le produit","description":"Rotachain cha\u00eenages automatiques \u2013 Informations produit : Rotachain Kit d\u2019installation, Rotachain Airbox et Rotachain Assist. D\u00e9tails du produit","robots":{"index":"index","follow":"follow","max-snippet":"max-snippet:-1","max-image-preview":"max-image-preview:large","max-video-preview":"max-video-preview:-1"},"canonical":"https:\/\/www.anfahrhilfen.com\/fr\/informations-sur-le-produit\/","og_locale":"fr_FR","og_type":"article","og_title":"Rotachain cha\u00eenages automatique - informations sur le produit","og_description":"Rotachain cha\u00eenages automatiques \u2013 Informations produit : Rotachain Kit d\u2019installation, Rotachain Airbox et Rotachain Assist. D\u00e9tails du produit","og_url":"https:\/\/www.anfahrhilfen.com\/fr\/informations-sur-le-produit\/","og_site_name":"Schleuderketten Rotationsketten","article_modified_time":"2025-04-14T15:30:54+00:00","twitter_card":"summary_large_image","twitter_misc":{"Dur\u00e9e de lecture estim\u00e9e":"1 minute"},"schema":{"@context":"https:\/\/schema.org","@graph":[{"@type":"WebPage","@id":"https:\/\/www.anfahrhilfen.com\/fr\/informations-sur-le-produit\/","url":"https:\/\/www.anfahrhilfen.com\/fr\/informations-sur-le-produit\/","name":"Rotachain cha\u00eenages automatique - informations sur le produit","isPartOf":{"@id":"https:\/\/anfahrhilfe.com\/#website"},"datePublished":"2025-02-24T11:08:46+00:00","dateModified":"2025-04-14T15:30:54+00:00","description":"Rotachain cha\u00eenages automatiques \u2013 Informations produit : Rotachain Kit d\u2019installation, Rotachain Airbox et Rotachain Assist. D\u00e9tails du produit","breadcrumb":{"@id":"https:\/\/www.anfahrhilfen.com\/fr\/informations-sur-le-produit\/#breadcrumb"},"inLanguage":"fr-FR","potentialAction":[{"@type":"ReadAction","target":["https:\/\/www.anfahrhilfen.com\/fr\/informations-sur-le-produit\/"]}]},{"@type":"BreadcrumbList","@id":"https:\/\/www.anfahrhilfen.com\/fr\/informations-sur-le-produit\/#breadcrumb","itemListElement":[{"@type":"ListItem","position":1,"name":"Startseite","item":"https:\/\/www.anfahrhilfen.com\/fr\/"},{"@type":"ListItem","position":2,"name":"Informations sur le produit"}]},{"@type":"WebSite","@id":"https:\/\/anfahrhilfe.com\/#website","url":"https:\/\/anfahrhilfe.com\/","name":"Schleuderketten Rotationsketten","description":"Rotachain f\u00fcr Nutzfahrzeuge wie MAN, Mercedes Benz, Iveco, Scania, Renault, DAF","publisher":{"@id":"https:\/\/anfahrhilfe.com\/#organization"},"potentialAction":[{"@type":"SearchAction","target":{"@type":"EntryPoint","urlTemplate":"https:\/\/anfahrhilfe.com\/?s={search_term_string}"},"query-input":{"@type":"PropertyValueSpecification","valueRequired":true,"valueName":"search_term_string"}}],"inLanguage":"fr-FR"},{"@type":"Organization","@id":"https:\/\/anfahrhilfe.com\/#organization","name":"Schleuderketten Rotationsketten","url":"https:\/\/anfahrhilfe.com\/","logo":{"@type":"ImageObject","inLanguage":"fr-FR","@id":"https:\/\/anfahrhilfe.com\/#\/schema\/logo\/image\/","url":"https:\/\/www.anfahrhilfen.com\/wp-content\/uploads\/2024\/05\/rota_chain_Logo-2-1.png","contentUrl":"https:\/\/www.anfahrhilfen.com\/wp-content\/uploads\/2024\/05\/rota_chain_Logo-2-1.png","width":423,"height":256,"caption":"Schleuderketten Rotationsketten"},"image":{"@id":"https:\/\/anfahrhilfe.com\/#\/schema\/logo\/image\/"}}]}},"_links":{"self":[{"href":"https:\/\/www.anfahrhilfen.com\/fr\/wp-json\/wp\/v2\/pages\/5378","targetHints":{"allow":["GET"]}}],"collection":[{"href":"https:\/\/www.anfahrhilfen.com\/fr\/wp-json\/wp\/v2\/pages"}],"about":[{"href":"https:\/\/www.anfahrhilfen.com\/fr\/wp-json\/wp\/v2\/types\/page"}],"author":[{"embeddable":true,"href":"https:\/\/www.anfahrhilfen.com\/fr\/wp-json\/wp\/v2\/users\/1"}],"replies":[{"embeddable":true,"href":"https:\/\/www.anfahrhilfen.com\/fr\/wp-json\/wp\/v2\/comments?post=5378"}],"version-history":[{"count":19,"href":"https:\/\/www.anfahrhilfen.com\/fr\/wp-json\/wp\/v2\/pages\/5378\/revisions"}],"predecessor-version":[{"id":10213,"href":"https:\/\/www.anfahrhilfen.com\/fr\/wp-json\/wp\/v2\/pages\/5378\/revisions\/10213"}],"wp:attachment":[{"href":"https:\/\/www.anfahrhilfen.com\/fr\/wp-json\/wp\/v2\/media?parent=5378"}],"curies":[{"name":"wp","href":"https:\/\/api.w.org\/{rel}","templated":true}]}}