{"id":1518,"date":"2024-08-07T11:00:01","date_gmt":"2024-08-07T09:00:01","guid":{"rendered":"http:\/\/nutzfahrzeugtechnik.org\/imprimer\/"},"modified":"2025-10-24T12:07:48","modified_gmt":"2025-10-24T10:07:48","slug":"imprimer","status":"publish","type":"page","link":"https:\/\/www.anfahrhilfen.com\/fr\/imprimer\/","title":{"rendered":"Imprimer"},"content":{"rendered":"\t\t<div data-elementor-type=\"wp-page\" data-elementor-id=\"1518\" class=\"elementor elementor-1518 elementor-518\" data-elementor-post-type=\"page\">\n\t\t\t\t<div class=\"elementor-element elementor-element-de2e418 e-flex e-con-boxed e-con e-parent\" data-id=\"de2e418\" data-element_type=\"container\">\n\t\t\t\t\t<div class=\"e-con-inner\">\n\t\t\t\t<div class=\"elementor-element elementor-element-bd06fb3 elementor-widget elementor-widget-heading\" data-id=\"bd06fb3\" data-element_type=\"widget\" data-widget_type=\"heading.default\">\n\t\t\t\t<div class=\"elementor-widget-container\">\n\t\t\t\t\t<h1 class=\"elementor-heading-title elementor-size-default\">Imprimer<\/h1>\t\t\t\t<\/div>\n\t\t\t\t<\/div>\n\t\t\t\t<div class=\"elementor-element elementor-element-a387bbc elementor-widget elementor-widget-text-editor\" data-id=\"a387bbc\" data-element_type=\"widget\" data-widget_type=\"text-editor.default\">\n\t\t\t\t<div class=\"elementor-widget-container\">\n\t\t\t\t\t\t\t\t\t<h2>Mentions l\u00e9gales<\/h2><p><strong>Adresse<\/strong><\/p><p>Karl Hildebrand GmbH<br \/>Bessemerst. 9<br \/>40699 Erkrath<\/p><p><strong>T\u00e9l\u00e9phone<\/strong> : +49-(0)2104\/9379-0<br \/><strong>T\u00e9l\u00e9copie<\/strong> : +49-(0)2104\/9379-820<\/p><p><strong>Web<\/strong> : www.Rotachain.de<\/p><p><strong>E-mail<\/strong> : info@KarlHildebrand.de<\/p><p><strong>Repr\u00e9sentant autoris\u00e9<\/strong><\/p><p>Cyril Hildebrand<\/p><p><strong>Registre du commerce<\/strong><\/p><p>Num\u00e9ro d\u2019enregistrement : 12884<br \/>Tribunal d\u2019enregistrement : Wuppertal<\/p><p>Num\u00e9ro de TVA intracommunautaire : DE121643143<\/p><h2>D\u00e9claration g\u00e9n\u00e9rale de protection des donn\u00e9es<\/h2><p>La collecte et l\u2019utilisation des donn\u00e9es personnelles des utilisateurs de nos pages Internet s\u2019effectuent exclusivement dans le respect des lois relatives \u00e0 la protection des donn\u00e9es en vigueur en R\u00e9publique f\u00e9d\u00e9rale d\u2019Allemagne. Nous vous informons ci-dessous de la nature, de l\u2019\u00e9tendue et de la finalit\u00e9 de la collecte et de l\u2019utilisation de vos donn\u00e9es personnelles. Les informations relatives \u00e0 la protection des donn\u00e9es peuvent \u00eatre consult\u00e9es \u00e0 tout moment sur ce site Internet.<\/p><p>Transmission et enregistrement de donn\u00e9es pour des raisons techniques et \u00e0 des fins statistiques et d\u2019\u00e9tude de march\u00e9<\/p><p>Lorsque vous acc\u00e9dez \u00e0 notre site Internet, votre navigateur transmet automatiquement, pour des raisons techniques, certaines donn\u00e9es \u00e0 notre serveur. Il s\u2019agit, par exemple, de la date et de l\u2019heure de la consultation de la page, de l\u2019URL du site Internet que vous avez visit\u00e9 auparavant, des fichiers consult\u00e9s sur notre site, du volume de donn\u00e9es transmises, du type et de la version de votre navigateur, de votre syst\u00e8me d\u2019exploitation et de votre adresse IP. Nous enregistrons ces donn\u00e9es s\u00e9par\u00e9ment des autres informations que vous saisissez \u00e9ventuellement lors de l\u2019utilisation de notre offre en ligne. Ces donn\u00e9es ne peuvent donc pas \u00eatre associ\u00e9es \u00e0 votre personne ; elles sont uniquement exploit\u00e9es \u00e0 des fins statistiques, puis supprim\u00e9es.<\/p><p>Collecte et utilisation des donn\u00e9es de base<\/p><p>L\u2019utilisation de notre site Internet est, dans la plupart des cas, possible sans fournir de donn\u00e9es personnelles (par exemple nom, adresse, adresse e-mail, num\u00e9ro de t\u00e9l\u00e9phone). Si un contrat est conclu entre vous et nous ou si un tel contrat doit \u00eatre modifi\u00e9 sur le plan du contenu, nous recueillons et utilisons vos donn\u00e9es personnelles. La collecte et l\u2019utilisation de vos donn\u00e9es s\u2019effectuent uniquement dans la mesure n\u00e9cessaire \u00e0 ces fins. Les donn\u00e9es personnelles que nous collectons ne seront pas transmises \u00e0 des tiers sans votre consentement explicite.<\/p><p>Une transmission de donn\u00e9es de base aux autorit\u00e9s n\u2019a lieu que dans la mesure o\u00f9 nous y sommes tenus, dans un cas particulier, sur la base des lois en vigueur, notamment \u00e0 des fins de poursuites p\u00e9nales, de pr\u00e9vention des dangers ou de protection des droits d\u2019auteur.<\/p><p>Collecte et utilisation des donn\u00e9es d\u2019utilisation<\/p><p>Afin de permettre l\u2019utilisation de notre offre en ligne, d\u2019en am\u00e9liorer les possibilit\u00e9s d\u2019utilisation ou d\u2019en assurer la facturation, nous recueillons et utilisons, dans la mesure n\u00e9cessaire, les donn\u00e9es personnelles des visiteurs de nos pages Internet. Celles-ci comprennent, par exemple, des \u00e9l\u00e9ments d\u2019identification de l\u2019utilisateur ainsi que le d\u00e9but, la fin et l\u2019\u00e9tendue de la visite sur nos pages.<\/p><p>Nous pouvons, \u00e0 des fins de marketing, d\u2019\u00e9tude de march\u00e9 et d\u2019am\u00e9lioration de la conception de notre site Internet, \u00e9tablir des profils d\u2019utilisation, dans la mesure o\u00f9 nous utilisons \u00e0 cet effet des pseudonymes. Vous pouvez vous opposer \u00e0 cette utilisation de vos donn\u00e9es d\u2019utilisation. Nous ne sommes pas autoris\u00e9s \u00e0 associer ces profils d\u2019utilisation \u00e0 des donn\u00e9es relatives au porteur du pseudonyme.<\/p><p>Une transmission de donn\u00e9es d\u2019utilisation aux autorit\u00e9s n\u2019a lieu que dans la mesure o\u00f9 nous y sommes tenus, dans un cas particulier, sur la base des lois en vigueur, notamment \u00e0 des fins de poursuites p\u00e9nales, de pr\u00e9vention des dangers ou de protection des droits d\u2019auteur.<\/p><p>Utilisation des cookies<\/p><p>Afin d\u2019am\u00e9liorer les possibilit\u00e9s d\u2019utilisation de notre offre en ligne et de la rendre plus conviviale, nous utilisons ce que l\u2019on appelle des \u00ab cookies \u00bb, de petits fichiers texte enregistr\u00e9s sur votre ordinateur et contenant des informations sur votre utilisation de notre site Internet et du r\u00e9seau. Vous pouvez emp\u00eacher l\u2019enregistrement de cookies sur votre ordinateur en modifiant les param\u00e8tres correspondants de votre navigateur. Cependant, il est possible que vous ne puissiez alors pas utiliser notre offre Internet dans son int\u00e9gralit\u00e9.<\/p><p>Droit d\u2019acc\u00e8s de l\u2019utilisateur<\/p><p>En tant qu\u2019utilisateur de notre offre Internet, vous pouvez demander \u00e0 tout moment des informations sur les donn\u00e9es enregistr\u00e9es vous concernant ou concernant votre pseudonyme. Ces informations peuvent, sur demande, \u00eatre transmises sous forme \u00e9lectronique.<\/p><p>Acc\u00e8s non autoris\u00e9 aux donn\u00e9es<\/p><p>La transmission de donn\u00e9es via Internet comporte toujours le risque que des tiers non autoris\u00e9s acc\u00e8dent \u00e0 vos donn\u00e9es. Une protection compl\u00e8te de votre communication, par exemple par e-mail, ne peut pas \u00eatre garantie.<\/p><p>Envoi de publicit\u00e9 non sollicit\u00e9e \u00e0 notre encontre<\/p><p>Nous nous opposons express\u00e9ment \u00e0 toute utilisation par des tiers des coordonn\u00e9es publi\u00e9es dans le cadre de l\u2019obligation l\u00e9gale d\u2019identification \u00e0 des fins d\u2019envoi de mat\u00e9riel publicitaire ou d\u2019information non sollicit\u00e9. Nous nous r\u00e9servons le droit d\u2019engager des poursuites l\u00e9gales contre les exp\u00e9diteurs de courriers \u00e9lectroniques non sollicit\u00e9s (spam) ou d\u2019autres envois publicitaires.<\/p><h2>Clause de non-responsabilit\u00e9<\/h2><p>Responsabilit\u00e9 pour le contenu de nos sites Internet<\/p><p>Conform\u00e9ment \u00e0 l\u2019article 7, paragraphe 1 de la loi allemande sur les t\u00e9l\u00e9m\u00e9dias (TMG), nous sommes, en tant que fournisseur de services, responsables de nos propres contenus pr\u00e9sents sur ces pages dans le cadre des lois g\u00e9n\u00e9rales. Selon les articles 8 \u00e0 10 du TMG, nous ne sommes toutefois pas tenus, en tant que fournisseur de services, de surveiller les informations \u00e9trang\u00e8res transmises ou enregistr\u00e9es, ni de rechercher des circonstances indiquant une activit\u00e9 ill\u00e9gale. Les obligations l\u00e9gales de suppression ou de blocage de contenus ou d\u2019informations, ou de blocage de possibilit\u00e9s d\u2019utilisation de notre site Internet, ne sont pas affect\u00e9es par cela. Une responsabilit\u00e9 ne peut toutefois \u00eatre engag\u00e9e qu\u2019\u00e0 partir du moment o\u00f9 nous avons connaissance d\u2019une violation concr\u00e8te de la loi. D\u00e8s que nous aurons connaissance d\u2019une telle violation dans le cadre de notre offre en ligne, nous supprimerons imm\u00e9diatement les contenus concern\u00e9s.<\/p><p>Responsabilit\u00e9 pour les liens<\/p><p>Notre offre Internet contient des liens vers des sites externes de tiers. Nous soulignons express\u00e9ment que nous n\u2019avons aucune influence sur le contenu de ces sites. Nous ne pouvons donc assumer aucune responsabilit\u00e9 ni garantie pour le contenu de ces sites Internet \u00e9trangers. Le responsable en est le prestataire ou l\u2019exploitant respectif. Nous avons v\u00e9rifi\u00e9 ces sites au moment de la cr\u00e9ation du lien pour d\u00e9celer d\u2019\u00e9ventuelles infractions \u00e0 la loi et n\u2019avons trouv\u00e9 aucun contenu ill\u00e9gal. Un contr\u00f4le permanent des sites li\u00e9s n\u2019est cependant pas raisonnablement exigible. Une v\u00e9rification n\u2019est possible qu\u2019en cas d\u2019indices concrets d\u2019une violation de la loi. Si nous prenons connaissance d\u2019une violation sur des sites li\u00e9s, nous supprimerons imm\u00e9diatement le lien correspondant de notre site Internet.<\/p><p>Droit d\u2019auteur<\/p><p>Les contenus et \u0153uvres publi\u00e9s sur nos pages Internet sont soumis au droit d\u2019auteur allemand. Toute reproduction, modification, diffusion ou exploitation n\u00e9cessite l\u2019autorisation \u00e9crite de l\u2019auteur ou du cr\u00e9ateur concern\u00e9. Les t\u00e9l\u00e9chargements et copies de ces pages ne sont autoris\u00e9s que pour un usage priv\u00e9 et non commercial.<\/p><p>Nos pages peuvent contenir des contenus qui n\u2019ont pas \u00e9t\u00e9 cr\u00e9\u00e9s par l\u2019exploitant lui-m\u00eame. Dans ce cas, les droits d\u2019auteur des tiers ont \u00e9t\u00e9 respect\u00e9s. Les contenus appartenant \u00e0 des tiers sont identifi\u00e9s comme tels. Si vous constatez malgr\u00e9 tout une violation du droit d\u2019auteur sur nos pages Internet, nous vous prions de nous en informer. Nous supprimerons alors imm\u00e9diatement le contenu concern\u00e9 de notre site Internet.<\/p>\t\t\t\t\t\t\t\t<\/div>\n\t\t\t\t<\/div>\n\t\t\t\t\t<\/div>\n\t\t\t\t<\/div>\n\t\t\t\t<\/div>\n\t\t","protected":false},"excerpt":{"rendered":"<p>Imprimer Mentions l\u00e9gales Adresse Karl Hildebrand GmbHBessemerst. 940699 Erkrath T\u00e9l\u00e9phone : +49-(0)2104\/9379-0T\u00e9l\u00e9copie : +49-(0)2104\/9379-820 Web : www.Rotachain.de E-mail : info@KarlHildebrand.de Repr\u00e9sentant autoris\u00e9 Cyril Hildebrand Registre du commerce Num\u00e9ro d\u2019enregistrement : 12884Tribunal d\u2019enregistrement : Wuppertal Num\u00e9ro de TVA intracommunautaire : DE121643143 D\u00e9claration g\u00e9n\u00e9rale de protection des donn\u00e9es La collecte et l\u2019utilisation des donn\u00e9es personnelles des utilisateurs [&hellip;]<\/p>\n","protected":false},"author":1,"featured_media":0,"parent":0,"menu_order":0,"comment_status":"closed","ping_status":"closed","template":"","meta":{"footnotes":""},"class_list":["post-1518","page","type-page","status-publish","hentry"],"yoast_head":"<!-- This site is optimized with the Yoast SEO plugin v24.8.1 - https:\/\/yoast.com\/wordpress\/plugins\/seo\/ -->\n<title>Rotachain cha\u00eenages automatiques \u2013 Mentions l\u00e9gales<\/title>\n<meta name=\"description\" content=\"Rotachain cha\u00eenages automatiques \u2013 Mentions l\u00e9gales\" \/>\n<meta name=\"robots\" content=\"index, follow, max-snippet:-1, max-image-preview:large, max-video-preview:-1\" \/>\n<link rel=\"canonical\" href=\"https:\/\/www.anfahrhilfen.com\/fr\/imprimer\/\" \/>\n<meta property=\"og:locale\" content=\"fr_FR\" \/>\n<meta property=\"og:type\" content=\"article\" \/>\n<meta property=\"og:title\" content=\"Rotachain cha\u00eenages automatiques \u2013 Mentions l\u00e9gales\" \/>\n<meta property=\"og:description\" content=\"Rotachain cha\u00eenages automatiques \u2013 Mentions l\u00e9gales\" \/>\n<meta property=\"og:url\" content=\"https:\/\/www.anfahrhilfen.com\/fr\/imprimer\/\" \/>\n<meta property=\"og:site_name\" content=\"Schleuderketten Rotationsketten\" \/>\n<meta property=\"article:modified_time\" content=\"2025-10-24T10:07:48+00:00\" \/>\n<meta name=\"twitter:card\" content=\"summary_large_image\" \/>\n<meta name=\"twitter:label1\" content=\"Dur\u00e9e de lecture estim\u00e9e\" \/>\n\t<meta name=\"twitter:data1\" content=\"7 minutes\" \/>\n<script type=\"application\/ld+json\" class=\"yoast-schema-graph\">{\"@context\":\"https:\/\/schema.org\",\"@graph\":[{\"@type\":\"WebPage\",\"@id\":\"https:\/\/www.anfahrhilfen.com\/fr\/imprimer\/\",\"url\":\"https:\/\/www.anfahrhilfen.com\/fr\/imprimer\/\",\"name\":\"Rotachain cha\u00eenages automatiques \u2013 Mentions l\u00e9gales\",\"isPartOf\":{\"@id\":\"https:\/\/www.schleuderketten.com\/#website\"},\"datePublished\":\"2024-08-07T09:00:01+00:00\",\"dateModified\":\"2025-10-24T10:07:48+00:00\",\"description\":\"Rotachain cha\u00eenages automatiques \u2013 Mentions l\u00e9gales\",\"breadcrumb\":{\"@id\":\"https:\/\/www.anfahrhilfen.com\/fr\/imprimer\/#breadcrumb\"},\"inLanguage\":\"fr-FR\",\"potentialAction\":[{\"@type\":\"ReadAction\",\"target\":[\"https:\/\/www.anfahrhilfen.com\/fr\/imprimer\/\"]}]},{\"@type\":\"BreadcrumbList\",\"@id\":\"https:\/\/www.anfahrhilfen.com\/fr\/imprimer\/#breadcrumb\",\"itemListElement\":[{\"@type\":\"ListItem\",\"position\":1,\"name\":\"Startseite\",\"item\":\"https:\/\/rota-chain.com\/fr\/\"},{\"@type\":\"ListItem\",\"position\":2,\"name\":\"Imprimer\"}]},{\"@type\":\"WebSite\",\"@id\":\"https:\/\/www.schleuderketten.com\/#website\",\"url\":\"https:\/\/www.schleuderketten.com\/\",\"name\":\"Schleuderketten Rotationsketten\",\"description\":\"Rotachain f\u00fcr Nutzfahrzeuge wie MAN, Mercedes Benz, Iveco, Scania, Renault, DAF\",\"publisher\":{\"@id\":\"https:\/\/www.schleuderketten.com\/#organization\"},\"potentialAction\":[{\"@type\":\"SearchAction\",\"target\":{\"@type\":\"EntryPoint\",\"urlTemplate\":\"https:\/\/www.schleuderketten.com\/?s={search_term_string}\"},\"query-input\":{\"@type\":\"PropertyValueSpecification\",\"valueRequired\":true,\"valueName\":\"search_term_string\"}}],\"inLanguage\":\"fr-FR\"},{\"@type\":\"Organization\",\"@id\":\"https:\/\/www.schleuderketten.com\/#organization\",\"name\":\"Schleuderketten Rotationsketten\",\"url\":\"https:\/\/www.schleuderketten.com\/\",\"logo\":{\"@type\":\"ImageObject\",\"inLanguage\":\"fr-FR\",\"@id\":\"https:\/\/www.schleuderketten.com\/#\/schema\/logo\/image\/\",\"url\":\"https:\/\/www.anfahrhilfen.com\/wp-content\/uploads\/2024\/05\/rota_chain_Logo-2-1.png\",\"contentUrl\":\"https:\/\/www.anfahrhilfen.com\/wp-content\/uploads\/2024\/05\/rota_chain_Logo-2-1.png\",\"width\":423,\"height\":256,\"caption\":\"Schleuderketten Rotationsketten\"},\"image\":{\"@id\":\"https:\/\/www.schleuderketten.com\/#\/schema\/logo\/image\/\"}}]}<\/script>\n<!-- \/ Yoast SEO plugin. -->","yoast_head_json":{"title":"Rotachain cha\u00eenages automatiques \u2013 Mentions l\u00e9gales","description":"Rotachain cha\u00eenages automatiques \u2013 Mentions l\u00e9gales","robots":{"index":"index","follow":"follow","max-snippet":"max-snippet:-1","max-image-preview":"max-image-preview:large","max-video-preview":"max-video-preview:-1"},"canonical":"https:\/\/www.anfahrhilfen.com\/fr\/imprimer\/","og_locale":"fr_FR","og_type":"article","og_title":"Rotachain cha\u00eenages automatiques \u2013 Mentions l\u00e9gales","og_description":"Rotachain cha\u00eenages automatiques \u2013 Mentions l\u00e9gales","og_url":"https:\/\/www.anfahrhilfen.com\/fr\/imprimer\/","og_site_name":"Schleuderketten Rotationsketten","article_modified_time":"2025-10-24T10:07:48+00:00","twitter_card":"summary_large_image","twitter_misc":{"Dur\u00e9e de lecture estim\u00e9e":"7 minutes"},"schema":{"@context":"https:\/\/schema.org","@graph":[{"@type":"WebPage","@id":"https:\/\/www.anfahrhilfen.com\/fr\/imprimer\/","url":"https:\/\/www.anfahrhilfen.com\/fr\/imprimer\/","name":"Rotachain cha\u00eenages automatiques \u2013 Mentions l\u00e9gales","isPartOf":{"@id":"https:\/\/www.schleuderketten.com\/#website"},"datePublished":"2024-08-07T09:00:01+00:00","dateModified":"2025-10-24T10:07:48+00:00","description":"Rotachain cha\u00eenages automatiques \u2013 Mentions l\u00e9gales","breadcrumb":{"@id":"https:\/\/www.anfahrhilfen.com\/fr\/imprimer\/#breadcrumb"},"inLanguage":"fr-FR","potentialAction":[{"@type":"ReadAction","target":["https:\/\/www.anfahrhilfen.com\/fr\/imprimer\/"]}]},{"@type":"BreadcrumbList","@id":"https:\/\/www.anfahrhilfen.com\/fr\/imprimer\/#breadcrumb","itemListElement":[{"@type":"ListItem","position":1,"name":"Startseite","item":"https:\/\/rota-chain.com\/fr\/"},{"@type":"ListItem","position":2,"name":"Imprimer"}]},{"@type":"WebSite","@id":"https:\/\/www.schleuderketten.com\/#website","url":"https:\/\/www.schleuderketten.com\/","name":"Schleuderketten Rotationsketten","description":"Rotachain f\u00fcr Nutzfahrzeuge wie MAN, Mercedes Benz, Iveco, Scania, Renault, DAF","publisher":{"@id":"https:\/\/www.schleuderketten.com\/#organization"},"potentialAction":[{"@type":"SearchAction","target":{"@type":"EntryPoint","urlTemplate":"https:\/\/www.schleuderketten.com\/?s={search_term_string}"},"query-input":{"@type":"PropertyValueSpecification","valueRequired":true,"valueName":"search_term_string"}}],"inLanguage":"fr-FR"},{"@type":"Organization","@id":"https:\/\/www.schleuderketten.com\/#organization","name":"Schleuderketten Rotationsketten","url":"https:\/\/www.schleuderketten.com\/","logo":{"@type":"ImageObject","inLanguage":"fr-FR","@id":"https:\/\/www.schleuderketten.com\/#\/schema\/logo\/image\/","url":"https:\/\/www.anfahrhilfen.com\/wp-content\/uploads\/2024\/05\/rota_chain_Logo-2-1.png","contentUrl":"https:\/\/www.anfahrhilfen.com\/wp-content\/uploads\/2024\/05\/rota_chain_Logo-2-1.png","width":423,"height":256,"caption":"Schleuderketten Rotationsketten"},"image":{"@id":"https:\/\/www.schleuderketten.com\/#\/schema\/logo\/image\/"}}]}},"_links":{"self":[{"href":"https:\/\/www.anfahrhilfen.com\/fr\/wp-json\/wp\/v2\/pages\/1518","targetHints":{"allow":["GET"]}}],"collection":[{"href":"https:\/\/www.anfahrhilfen.com\/fr\/wp-json\/wp\/v2\/pages"}],"about":[{"href":"https:\/\/www.anfahrhilfen.com\/fr\/wp-json\/wp\/v2\/types\/page"}],"author":[{"embeddable":true,"href":"https:\/\/www.anfahrhilfen.com\/fr\/wp-json\/wp\/v2\/users\/1"}],"replies":[{"embeddable":true,"href":"https:\/\/www.anfahrhilfen.com\/fr\/wp-json\/wp\/v2\/comments?post=1518"}],"version-history":[{"count":10,"href":"https:\/\/www.anfahrhilfen.com\/fr\/wp-json\/wp\/v2\/pages\/1518\/revisions"}],"predecessor-version":[{"id":11286,"href":"https:\/\/www.anfahrhilfen.com\/fr\/wp-json\/wp\/v2\/pages\/1518\/revisions\/11286"}],"wp:attachment":[{"href":"https:\/\/www.anfahrhilfen.com\/fr\/wp-json\/wp\/v2\/media?parent=1518"}],"curies":[{"name":"wp","href":"https:\/\/api.w.org\/{rel}","templated":true}]}}